{"id":107,"date":"2022-11-11T20:18:47","date_gmt":"2022-11-11T20:18:47","guid":{"rendered":"https:\/\/todospodemosviajar.com\/?page_id=107"},"modified":"2023-03-16T17:58:07","modified_gmt":"2023-03-16T17:58:07","slug":"inicio","status":"publish","type":"page","link":"https:\/\/todospodemosviajar.com\/","title":{"rendered":"Inicio"},"content":{"rendered":"<p>[et_pb_section fb_built=\u00bb1&#8243; _builder_version=\u00bb4.19.1&#8243; _module_preset=\u00bbdefault\u00bb background_image=\u00bbhttp:\/\/todospodemosviajar.com\/wp-content\/uploads\/2022\/11\/IMG_20200203_072759sedf-2-scaled.jpg\u00bb parallax=\u00bbon\u00bb min_height=\u00bb201.8px\u00bb max_height=\u00bb643px\u00bb custom_padding=\u00bb106px|0px|222px|||\u00bb custom_css_main_element=\u00bbheight: 960.8px;||transform: translate(0px, px);||\u00bb global_colors_info=\u00bb{}\u00bb][et_pb_row _builder_version=\u00bb4.19.0&#8243; _module_preset=\u00bbdefault\u00bb global_colors_info=\u00bb{}\u00bb][et_pb_column type=\u00bb4_4&#8243; _builder_version=\u00bb4.19.0&#8243; _module_preset=\u00bbdefault\u00bb global_colors_info=\u00bb{}\u00bb][et_pb_text content_tablet=\u00bb<\/p>\n<p style=%22text-align: center;%22><strong>No dejes que tu<\/strong><\/p>\n<p style=%22text-align: center;%22><strong>deseo de viajar<\/strong><\/p>\n<p style=%22text-align: center;%22><strong>sea s\u00f3lo un sue\u00f1o<\/strong><\/p>\n<p>\u00bb content_phone=\u00bb<\/p>\n<p style=%22text-align: center;%22><strong>No dejes que tu<\/strong><\/p>\n<p style=%22text-align: center;%22><strong>deseo de viajar<\/strong><\/p>\n<p style=%22text-align: center;%22><strong>sea s\u00f3lo un sue\u00f1o<\/strong><\/p>\n<p>\u00bb content_last_edited=\u00bbon|phone\u00bb _builder_version=\u00bb4.19.1&#8243; _module_preset=\u00bbdefault\u00bb text_font=\u00bbAboreto|700|||||||\u00bb text_text_color=\u00bb#ffffff\u00bb text_font_size=\u00bb33px\u00bb text_letter_spacing=\u00bb6px\u00bb text_line_height=\u00bb1.6em\u00bb positioning=\u00bbrelative\u00bb vertical_offset=\u00bb-76px\u00bb horizontal_offset=\u00bb-490px\u00bb vertical_offset_tablet=\u00bb-76px\u00bb vertical_offset_phone=\u00bb-76px\u00bb vertical_offset_last_edited=\u00bbon|phone\u00bb horizontal_offset_tablet=\u00bb15px\u00bb horizontal_offset_phone=\u00bb4px\u00bb horizontal_offset_last_edited=\u00bbon|tablet\u00bb overflow-x_last_edited=\u00bboff|desktop\u00bb text_text_shadow_style=\u00bbpreset3&#8243; text_text_shadow_color=\u00bb#000000&#8243; global_colors_info=\u00bb{}\u00bb]<\/p>\n<p style=\"text-align: center;\"><strong>No dejes que tu<\/strong><\/p>\n<p style=\"text-align: center;\"><strong>deseo de viajar<\/strong><\/p>\n<p style=\"text-align: center;\"><strong>sea s\u00f3lo un sue\u00f1o<\/strong><\/p>\n<p>[\/et_pb_text][\/et_pb_column][\/et_pb_row][et_pb_row _builder_version=\u00bb4.19.1&#8243; _module_preset=\u00bbdefault\u00bb global_colors_info=\u00bb{}\u00bb][et_pb_column type=\u00bb4_4&#8243; _builder_version=\u00bb4.19.1&#8243; _module_preset=\u00bbdefault\u00bb global_colors_info=\u00bb{}\u00bb][et_pb_button button_text=\u00bb\u00a1Atr\u00e9vete a vivirlo!\u00bb button_alignment=\u00bbcenter\u00bb _builder_version=\u00bb4.19.1&#8243; _module_preset=\u00bbdefault\u00bb custom_button=\u00bbon\u00bb button_text_size=\u00bb27px\u00bb button_text_color=\u00bb#c111bb\u00bb button_border_width=\u00bb5px\u00bb button_border_color=\u00bb#c111bb\u00bb button_border_radius=\u00bb17px\u00bb button_letter_spacing=\u00bb0px\u00bb button_font=\u00bbActor|700|||||||\u00bb button_use_icon=\u00bboff\u00bb positioning=\u00bbrelative\u00bb vertical_offset=\u00bb-76px\u00bb horizontal_offset=\u00bb-490px\u00bb horizontal_offset_tablet=\u00bb25px\u00bb horizontal_offset_phone=\u00bb4px\u00bb horizontal_offset_last_edited=\u00bbon|tablet\u00bb position_origin_a_tablet=\u00bb\u00bb position_origin_a_phone=\u00bb\u00bb position_origin_a_last_edited=\u00bbon|tablet\u00bb position_origin_f_tablet=\u00bb\u00bb position_origin_f_phone=\u00bb\u00bb position_origin_f_last_edited=\u00bbon|tablet\u00bb position_origin_r_tablet=\u00bb\u00bb position_origin_r_phone=\u00bb\u00bb position_origin_r_last_edited=\u00bbon|phone\u00bb positioning_tablet=\u00bbrelative\u00bb positioning_phone=\u00bbrelative\u00bb positioning_last_edited=\u00bbon|tablet\u00bb global_colors_info=\u00bb{}\u00bb][\/et_pb_button][\/et_pb_column][\/et_pb_row][\/et_pb_section][et_pb_section fb_built=\u00bb1&#8243; module_id=\u00bbcoverflow-carousel\u00bb _builder_version=\u00bb4.19.5&#8243; use_background_color_gradient=\u00bbon\u00bb background_color_gradient_direction=\u00bb90deg\u00bb background_color_gradient_stops=\u00bb#c111bb 0%|#29c4a9 98%\u00bb background_enable_image=\u00bboff\u00bb custom_padding=\u00bb100px||100px||true|false\u00bb global_colors_info=\u00bb{}\u00bb][et_pb_row module_class=\u00bb et_pb_row_fullwidth\u00bb _builder_version=\u00bb4.16&#8243; width=\u00bb89%\u00bb width_tablet=\u00bb80%\u00bb width_phone=\u00bb\u00bb width_last_edited=\u00bbon|desktop\u00bb max_width=\u00bb89%\u00bb max_width_tablet=\u00bb80%\u00bb max_width_phone=\u00bb\u00bb max_width_last_edited=\u00bbon|desktop\u00bb make_fullwidth=\u00bbon\u00bb global_colors_info=\u00bb{}\u00bb][et_pb_column type=\u00bb4_4&#8243; _builder_version=\u00bb4.16&#8243; custom_padding=\u00bb|||\u00bb global_colors_info=\u00bb{}\u00bb custom_padding__hover=\u00bb|||\u00bb][dica_divi_carousel item_width_tablet=\u00bb\u00bb item_width_phone=\u00bb415px\u00bb item_width_last_edited=\u00bbon|desktop\u00bb centermode=\u00bbon\u00bb loop=\u00bbon\u00bb arrow_nav=\u00bbon\u00bb dot_nav=\u00bbon\u00bb item_spacing_tablet=\u00bb\u00bb item_spacing_phone=\u00bb\u00bb item_spacing_last_edited=\u00bbon|phone\u00bb advanced_effect=\u00bbcoverflow\u00bb coverflow_rotate=\u00bb42&#8243; arrow_nav_color=\u00bb#000000&#8243; image_force_fullwidth=\u00bbon\u00bb innercontent_padding=\u00bb15px|0|39px|0|false|false\u00bb _builder_version=\u00bb4.19.5&#8243; title_font=\u00bb||||||||\u00bb title_text_color=\u00bb#ffffff\u00bb body_font=\u00bb||||||||\u00bb body_text_color=\u00bb#b3b3b3&#8243; positioning=\u00bbrelative\u00bb vertical_offset=\u00bb-238px\u00bb vertical_offset_tablet=\u00bb-81px\u00bb vertical_offset_phone=\u00bb-131px\u00bb vertical_offset_last_edited=\u00bbon|phone\u00bb horizontal_offset_tablet=\u00bb-109px\u00bb horizontal_offset_phone=\u00bb-40px\u00bb horizontal_offset_last_edited=\u00bbon|phone\u00bb position_origin_a_tablet=\u00bb\u00bb position_origin_a_phone=\u00bb\u00bb position_origin_a_last_edited=\u00bbon|phone\u00bb position_origin_f_tablet=\u00bb\u00bb position_origin_f_phone=\u00bb\u00bb position_origin_f_last_edited=\u00bbon|phone\u00bb position_origin_r_tablet=\u00bb\u00bb position_origin_r_phone=\u00bb\u00bb position_origin_r_last_edited=\u00bbon|phone\u00bb width_tablet=\u00bb130%\u00bb width_phone=\u00bb126%\u00bb width_last_edited=\u00bbon|phone\u00bb max_width_tablet=\u00bb\u00bb max_width_phone=\u00bb132%\u00bb max_width_last_edited=\u00bbon|phone\u00bb min_height_tablet=\u00bb\u00bb min_height_phone=\u00bb\u00bb min_height_last_edited=\u00bbon|tablet\u00bb height_tablet=\u00bb\u00bb height_phone=\u00bb453px\u00bb height_last_edited=\u00bbon|phone\u00bb max_height_tablet=\u00bb\u00bb max_height_phone=\u00bb\u00bb max_height_last_edited=\u00bbon|phone\u00bb custom_margin=\u00bb||-220px||false|false\u00bb hover_enabled=\u00bb0&#8243; positioning_tablet=\u00bbrelative\u00bb positioning_phone=\u00bbrelative\u00bb positioning_last_edited=\u00bbon|phone\u00bb module_alignment_tablet=\u00bb\u00bb module_alignment_phone=\u00bb\u00bb module_alignment_last_edited=\u00bbon|phone\u00bb global_colors_info=\u00bb{}\u00bb sticky_enabled=\u00bb0&#8243;][dica_divi_carouselitem title=\u00bbEl Para\u00edso en la Tierra: Parque Nacional Manuel Antonio\u00bb button_url=\u00bb#\u00bb button_url_new_window=\u00bb1&#8243; image=\u00bbhttp:\/\/todospodemosviajar.com\/wp-content\/uploads\/2023\/03\/IMG_20211104_071548-5-scaled.jpg\u00bb image_lightbox=\u00bboff\u00bb image_padding_tablet=\u00bb\u00bb image_padding_phone=\u00bb15px|6px||6px|false|false\u00bb image_padding_last_edited=\u00bbon|phone\u00bb content_padding=\u00bb25px|25px|25px|25px|true|true\u00bb _builder_version=\u00bb4.19.5&#8243; header_font=\u00bbAmiko||||||||\u00bb body_font=\u00bbAmiko||||||||\u00bb body_text_align=\u00bbjustify\u00bb background_color=\u00bbrgba(0,0,0,0.8)\u00bb custom_button=\u00bbon\u00bb button_text_size=\u00bb13px\u00bb button_text_color=\u00bb#b3b3b3&#8243; button_border_width=\u00bb0px\u00bb button_font=\u00bb||||||||\u00bb button_use_icon=\u00bbon\u00bb button_alignment=\u00bbright\u00bb positioning=\u00bbrelative\u00bb vertical_offset=\u00bb-160px\u00bb vertical_offset_tablet=\u00bb-160px\u00bb vertical_offset_phone=\u00bb-22px\u00bb vertical_offset_last_edited=\u00bbon|phone\u00bb hover_enabled=\u00bb0&#8243; overflow-x_tablet=\u00bb\u00bb overflow-x_phone=\u00bb\u00bb overflow-x_last_edited=\u00bbon|tablet\u00bb box_shadow_style=\u00bbpreset3&#8243; global_colors_info=\u00bb{}\u00bb button_bg_color__hover_enabled=\u00bbon\u00bb button_bg_color__hover=\u00bb#141414&#8243; button_text_color__hover_enabled=\u00bbon\u00bb button_text_color__hover=\u00bb#ffffff\u00bb url=\u00bbhttps:\/\/todospodemosviajar.com\/index.php\/897-2\/?et_fb=1&#038;PageSpeed=off\u00bb sticky_enabled=\u00bb0&#8243;]<\/p>\n<p>Descubre consejos \u00fatiles para conocerlo, qu\u00e9 puedes hacer en sus alrededores y m\u00e1s datos interesantes del sitio en este post.<\/p>\n<p>[\/dica_divi_carouselitem][dica_divi_carouselitem title=\u00bbGolden Ratio\u00bb button_text=\u00bbLearn More\u00bb button_url=\u00bb#\u00bb button_url_new_window=\u00bb1&#8243; image=\u00bbhttp:\/\/todospodemosviajar.com\/wp-content\/uploads\/2022\/12\/Golden-Ratio.jpg\u00bb content_padding=\u00bb25px|25px|25px|25px|true|true\u00bb _builder_version=\u00bb4.16&#8243; body_font=\u00bb||||||||\u00bb background_color=\u00bbrgba(0,0,0,0.8)\u00bb custom_button=\u00bbon\u00bb button_text_size=\u00bb13px\u00bb button_text_color=\u00bb#b3b3b3&#8243; button_border_width=\u00bb0px\u00bb button_font=\u00bb||||||||\u00bb button_use_icon=\u00bbon\u00bb button_alignment=\u00bbright\u00bb box_shadow_style=\u00bbpreset3&#8243; global_colors_info=\u00bb{}\u00bb button_text_color__hover=\u00bb#ffffff\u00bb button_text_color__hover_enabled=\u00bbon\u00bb button_bg_color__hover=\u00bb#141414&#8243; button_bg_color__hover_enabled=\u00bbon\u00bb]Put your actual valuable text here, this is only a dummy text. Fortune salutes the brave, We are brave, we are fearless.[\/dica_divi_carouselitem][dica_divi_carouselitem title=\u00bbGradient Space\u00bb button_text=\u00bbLearn More\u00bb button_url=\u00bb#\u00bb button_url_new_window=\u00bb1&#8243; image=\u00bbhttp:\/\/todospodemosviajar.com\/wp-content\/uploads\/2022\/12\/earth.jpg\u00bb content_padding=\u00bb25px|25px|25px|25px|true|true\u00bb _builder_version=\u00bb4.16&#8243; body_font=\u00bb||||||||\u00bb background_color=\u00bbrgba(0,0,0,0.8)\u00bb custom_button=\u00bbon\u00bb button_text_size=\u00bb13px\u00bb button_text_color=\u00bb#b3b3b3&#8243; button_border_width=\u00bb0px\u00bb button_font=\u00bb||||||||\u00bb button_use_icon=\u00bbon\u00bb button_alignment=\u00bbright\u00bb box_shadow_style=\u00bbpreset3&#8243; global_colors_info=\u00bb{}\u00bb button_text_color__hover=\u00bb#ffffff\u00bb button_text_color__hover_enabled=\u00bbon\u00bb button_bg_color__hover=\u00bb#141414&#8243; button_bg_color__hover_enabled=\u00bbon\u00bb]<\/p>\n<p><span>Put your actual valuable text here, this is only a dummy text. Fortune salutes the brave, We are brave, we are fearless.<\/span><\/p>\n<p>[\/dica_divi_carouselitem][dica_divi_carouselitem title=\u00bbSpacecraft\u00bb button_text=\u00bbLearn More\u00bb button_url=\u00bb#\u00bb button_url_new_window=\u00bb1&#8243; image=\u00bbhttp:\/\/todospodemosviajar.com\/wp-content\/uploads\/2022\/12\/rocket-launch.jpg\u00bb content_padding=\u00bb25px|25px|25px|25px|true|true\u00bb _builder_version=\u00bb4.16&#8243; body_font=\u00bb||||||||\u00bb background_color=\u00bbrgba(0,0,0,0.8)\u00bb custom_button=\u00bbon\u00bb button_text_size=\u00bb13px\u00bb button_text_color=\u00bb#b3b3b3&#8243; button_border_width=\u00bb0px\u00bb button_font=\u00bb||||||||\u00bb button_use_icon=\u00bbon\u00bb button_alignment=\u00bbright\u00bb box_shadow_style=\u00bbpreset3&#8243; global_colors_info=\u00bb{}\u00bb button_text_color__hover=\u00bb#ffffff\u00bb button_text_color__hover_enabled=\u00bbon\u00bb button_bg_color__hover=\u00bb#141414&#8243; button_bg_color__hover_enabled=\u00bbon\u00bb]<\/p>\n<p><span>Put your actual valuable text here, this is only a dummy text. Fortune salutes the brave, We are brave, we are fearless.<\/span><\/p>\n<p>[\/dica_divi_carouselitem][dica_divi_carouselitem title=\u00bbCosmic Terrain\u00bb button_text=\u00bbLearn More\u00bb button_url=\u00bb#\u00bb button_url_new_window=\u00bb1&#8243; image=\u00bbhttp:\/\/todospodemosviajar.com\/wp-content\/uploads\/2022\/12\/planet-wave.jpg\u00bb content_padding=\u00bb25px|25px|25px|25px|true|true\u00bb _builder_version=\u00bb4.16&#8243; body_font=\u00bb||||||||\u00bb background_color=\u00bbrgba(0,0,0,0.8)\u00bb custom_button=\u00bbon\u00bb button_text_size=\u00bb13px\u00bb button_text_color=\u00bb#b3b3b3&#8243; button_border_width=\u00bb0px\u00bb button_font=\u00bb||||||||\u00bb button_use_icon=\u00bbon\u00bb button_alignment=\u00bbright\u00bb box_shadow_style=\u00bbpreset3&#8243; global_colors_info=\u00bb{}\u00bb button_text_color__hover=\u00bb#ffffff\u00bb button_text_color__hover_enabled=\u00bbon\u00bb button_bg_color__hover=\u00bb#141414&#8243; button_bg_color__hover_enabled=\u00bbon\u00bb]<\/p>\n<p><span>Put your actual valuable text here, this is only a dummy text. Fortune salutes the brave, We are brave, we are fearless.<\/span><\/p>\n<p>[\/dica_divi_carouselitem][\/dica_divi_carousel][\/et_pb_column][\/et_pb_row][\/et_pb_section][et_pb_section fb_built=\u00bb1&#8243; admin_label=\u00bbSecci\u00f3n\u00bb _builder_version=\u00bb4.19.0&#8243; _module_preset=\u00bbdefault\u00bb use_background_color_gradient=\u00bbon\u00bb background_color_gradient_direction=\u00bb67deg\u00bb background_color_gradient_stops=\u00bb#c111bb 0%|#29c4a9 100%\u00bb min_height=\u00bb266.2px\u00bb custom_margin=\u00bb-3px|||||\u00bb custom_padding=\u00bb97px||254px|||\u00bb global_colors_info=\u00bb{}\u00bb][\/et_pb_section]<\/p>\n","protected":false},"excerpt":{"rendered":"<p>No dejes que tu deseo de viajar sea s\u00f3lo un sue\u00f1o<div class=\"et_pb_module dica_divi_carousel dica_divi_carousel_0\">\n\t\t\t\t\n\t\t\t\t\n\t\t\t\t\n\t\t\t\t\n\t\t\t\t\n\t\t\t\t\n\t\t\t\t<div class=\"et_pb_module_inner\">\n\t\t\t\t\t<div class=\"dica-container  desktop_middle-inside tablet_middle-inside mobile_middle-inside\" data-props='{\"desktop\":\"4\",\"tablet\":\"3\",\"mobile\":\"1\",\"speed\":\"500\",\"arrow\":\"\\u00bbon\\u00bb\",\"dots\":\"\\u00bbon\\u00bb\",\"autoplay\":\"off\",\"autoSpeed\":\"1000\",\"loop\":\"\\u00bbon\\u00bb\",\"item_spacing\":\"30\",\"center_mode\":\"\\u00bbon\\u00bb\",\"slider_effec\":\"\\u00bbcoverflow\\u00bb\",\"cover_rotate\":\"\\u00bb42&#8243;\",\"pause_onhover\":\"off\",\"multislide\":\"off\",\"cfshadow\":\"on\",\"order\":\"0\",\"lazyload\":\"off\",\"lazybefore\":\"off\",\"scroller_effect\":\"off\",\"autowidth\":\"off\",\"item_spacing_tablet\":\"\\u00bb\\u00bb\",\"item_spacing_phone\":\"\\u00bb\\u00bb\",\"scroller_speed\":\"4000\",\"hashNavigation\":\"off\",\"simulatetouch\":\"off\",\"allowtouchmove\":\"off\"}'>\r\n\t\t\t\t\t\t\t \t<div class=\"swiper-container\">\r\n\t\t\t\t\t\t\t\t\t<div class=\"swiper-wrapper\"><\/div>\t\r\n\t\t\t\t\t\t\t\t<\/div>\t\r\n\t\t\t\t\t\t\t\t\r\n\t\t\t\t\t\t\t\t\t\t\t\t\t\t\r\n\t\t\t\t\t\t\t<\/div>\n\t\t\t\t<\/div>\n\t\t\t<\/div><\/p>\n","protected":false},"author":1,"featured_media":0,"parent":0,"menu_order":0,"comment_status":"closed","ping_status":"closed","template":"","meta":{"_et_pb_use_builder":"on","_et_pb_old_content":"<!-- wp:divi\/placeholder \/-->","_et_gb_content_width":"","om_disable_all_campaigns":false,"_monsterinsights_skip_tracking":false,"_monsterinsights_sitenote_active":false,"_monsterinsights_sitenote_note":"","_monsterinsights_sitenote_category":0,"footnotes":""},"class_list":["post-107","page","type-page","status-publish","hentry"],"aioseo_notices":[],"_links":{"self":[{"href":"https:\/\/todospodemosviajar.com\/index.php\/wp-json\/wp\/v2\/pages\/107","targetHints":{"allow":["GET"]}}],"collection":[{"href":"https:\/\/todospodemosviajar.com\/index.php\/wp-json\/wp\/v2\/pages"}],"about":[{"href":"https:\/\/todospodemosviajar.com\/index.php\/wp-json\/wp\/v2\/types\/page"}],"author":[{"embeddable":true,"href":"https:\/\/todospodemosviajar.com\/index.php\/wp-json\/wp\/v2\/users\/1"}],"replies":[{"embeddable":true,"href":"https:\/\/todospodemosviajar.com\/index.php\/wp-json\/wp\/v2\/comments?post=107"}],"version-history":[{"count":60,"href":"https:\/\/todospodemosviajar.com\/index.php\/wp-json\/wp\/v2\/pages\/107\/revisions"}],"predecessor-version":[{"id":916,"href":"https:\/\/todospodemosviajar.com\/index.php\/wp-json\/wp\/v2\/pages\/107\/revisions\/916"}],"wp:attachment":[{"href":"https:\/\/todospodemosviajar.com\/index.php\/wp-json\/wp\/v2\/media?parent=107"}],"curies":[{"name":"wp","href":"https:\/\/api.w.org\/{rel}","templated":true}]}}